{"id":2431,"date":"2025-09-01T17:53:08","date_gmt":"2025-09-01T15:53:08","guid":{"rendered":"https:\/\/musekintza.eus\/?post_type=product&#038;p=2431"},"modified":"2026-04-24T13:59:38","modified_gmt":"2026-04-24T11:59:38","slug":"haurrentzako-laborategia-itsas-h-ondokoak-copia-2","status":"publish","type":"product","link":"https:\/\/musekintza.eus\/eu\/producto\/haurrentzako-laborategia-itsas-h-ondokoak-copia-2\/","title":{"rendered":"Ai gure juaneteak!"},"content":{"rendered":"<div class=\"fusion-menu-anchor\" id=\"evento\"><\/div>\n<h4>Arrantzaleen Museoa (Bermeo)<\/h4>\n<iframe src=\"https:\/\/www.google.com\/maps\/embed?pb=!1m18!1m12!1m3!1d2897.928428299412!2d-2.7236726226890395!3d43.42032206746!2m3!1f0!2f0!3f0!3m2!1i1024!2i768!4f13.1!3m3!1m2!1s0xd4e3e5cfb60ce41:0xc0d6aaa93e3d75a1!2sARRANTZALEEN MUSEOA!5e0!3m2!1ses!2ses!4v1730110813552!5m2!1ses!2ses\" width=\"100%\" height=\"450\" style=\"border:0;\" allowfullscreen=\"\" loading=\"lazy\" referrerpolicy=\"no-referrer-when-downgrade\"><\/iframe>\n","protected":false},"excerpt":{"rendered":"<p>Laboaren kantak gaur egungo gizabere baten begiradatik.<\/p>\n<p>\u201cAi Gure Juaneteak!\u201d ikuskari eszeniko hibridoa da. Hitzak eta musikak osaturikoa. Taula gainean aktore-musikari bat eta bi musikari-aktore.<\/p>\n<p>Patxo Telleriaren testu bat, Adri\u00e1n Garc\u00eda de los Ojos pianoan eta Maider L\u00f3pez biolara. Jokin Oregik zuzendutako lan honetan, Mikel Laboaren zenbait kantaren letren berrinterpretazio erabatekoa da, gaur egungo ikuspuntutik.<\/p>\n<ul>\n<li><strong>Data<\/strong>: Maiatzak 23 (2026)<\/li>\n<li><strong>Ordu<\/strong>: 19:00etan<\/li>\n<li><strong>Erreserba<\/strong>: 2026ko apirilaren 23tik<\/li>\n<li><strong>Hizkuntza: <\/strong>Ikuskizuna euskaraz<\/li>\n<\/ul>\n","protected":false},"featured_media":2385,"template":"","meta":{"_acf_changed":false},"product_brand":[],"product_cat":[49],"product_tag":[],"class_list":{"0":"post-2431","1":"product","2":"type-product","3":"status-publish","4":"has-post-thumbnail","6":"product_cat-bermeo-eu","8":"first","9":"instock","10":"shipping-taxable","11":"purchasable","12":"product-type-variable"},"acf":[],"yoast_head":"<!-- This site is optimized with the Yoast SEO plugin v26.7 - https:\/\/yoast.com\/wordpress\/plugins\/seo\/ -->\n<title>Ai gure juaneteak! - MusEkintza<\/title>\n<meta name=\"robots\" content=\"index, follow, max-snippet:-1, max-image-preview:large, max-video-preview:-1\" \/>\n<link rel=\"canonical\" href=\"https:\/\/musekintza.eus\/eu\/producto\/haurrentzako-laborategia-itsas-h-ondokoak-copia-2\/\" \/>\n<meta property=\"og:locale\" content=\"eu_ES\" \/>\n<meta property=\"og:type\" content=\"article\" \/>\n<meta property=\"og:title\" content=\"Ai gure juaneteak! - MusEkintza\" \/>\n<meta property=\"og:description\" content=\"Laboaren kantak gaur egungo gizabere baten begiradatik.  \u201cAi Gure Juaneteak!\u201d ikuskari eszeniko hibridoa da. Hitzak eta musikak osaturikoa. Taula gainean aktore-musikari bat eta bi musikari-aktore.  Patxo Telleriaren testu bat, Adri\u00e1n Garc\u00eda de los Ojos pianoan eta Maider L\u00f3pez biolara. Jokin Oregik zuzendutako lan honetan, Mikel Laboaren zenbait kantaren letren berrinterpretazio erabatekoa da, gaur egungo ikuspuntutik.   Data: Maiatzak 23 (2026)  Ordu: 19:00etan  Erreserba: 2026ko apirilaren 23tik  Hizkuntza: Ikuskizuna euskaraz\" \/>\n<meta property=\"og:url\" content=\"https:\/\/musekintza.eus\/eu\/producto\/haurrentzako-laborategia-itsas-h-ondokoak-copia-2\/\" \/>\n<meta property=\"og:site_name\" content=\"MusEkintza\" \/>\n<meta property=\"article:modified_time\" content=\"2026-04-24T11:59:38+00:00\" \/>\n<meta property=\"og:image\" content=\"https:\/\/musekintza.eus\/wp-content\/uploads\/2025\/09\/10AI-GURE-JUANETEAK.jpg\" \/>\n\t<meta property=\"og:image:width\" content=\"1200\" \/>\n\t<meta property=\"og:image:height\" content=\"1300\" \/>\n\t<meta property=\"og:image:type\" content=\"image\/jpeg\" \/>\n<meta name=\"twitter:card\" content=\"summary_large_image\" \/>\n<meta name=\"twitter:label1\" content=\"Est. reading time\" \/>\n\t<meta name=\"twitter:data1\" content=\"1 minute\" \/>\n<script type=\"application\/ld+json\" class=\"yoast-schema-graph\">{\"@context\":\"https:\/\/schema.org\",\"@graph\":[{\"@type\":\"WebPage\",\"@id\":\"https:\/\/musekintza.eus\/eu\/producto\/haurrentzako-laborategia-itsas-h-ondokoak-copia-2\/\",\"url\":\"https:\/\/musekintza.eus\/eu\/producto\/haurrentzako-laborategia-itsas-h-ondokoak-copia-2\/\",\"name\":\"Ai gure juaneteak! - MusEkintza\",\"isPartOf\":{\"@id\":\"https:\/\/musekintza.eus\/#website\"},\"primaryImageOfPage\":{\"@id\":\"https:\/\/musekintza.eus\/eu\/producto\/haurrentzako-laborategia-itsas-h-ondokoak-copia-2\/#primaryimage\"},\"image\":{\"@id\":\"https:\/\/musekintza.eus\/eu\/producto\/haurrentzako-laborategia-itsas-h-ondokoak-copia-2\/#primaryimage\"},\"thumbnailUrl\":\"https:\/\/musekintza.eus\/wp-content\/uploads\/2025\/09\/10AI-GURE-JUANETEAK.jpg\",\"datePublished\":\"2025-09-01T15:53:08+00:00\",\"dateModified\":\"2026-04-24T11:59:38+00:00\",\"breadcrumb\":{\"@id\":\"https:\/\/musekintza.eus\/eu\/producto\/haurrentzako-laborategia-itsas-h-ondokoak-copia-2\/#breadcrumb\"},\"inLanguage\":\"eu-ES\",\"potentialAction\":[{\"@type\":\"ReadAction\",\"target\":[\"https:\/\/musekintza.eus\/eu\/producto\/haurrentzako-laborategia-itsas-h-ondokoak-copia-2\/\"]}]},{\"@type\":\"ImageObject\",\"inLanguage\":\"eu-ES\",\"@id\":\"https:\/\/musekintza.eus\/eu\/producto\/haurrentzako-laborategia-itsas-h-ondokoak-copia-2\/#primaryimage\",\"url\":\"https:\/\/musekintza.eus\/wp-content\/uploads\/2025\/09\/10AI-GURE-JUANETEAK.jpg\",\"contentUrl\":\"https:\/\/musekintza.eus\/wp-content\/uploads\/2025\/09\/10AI-GURE-JUANETEAK.jpg\",\"width\":1200,\"height\":1300},{\"@type\":\"BreadcrumbList\",\"@id\":\"https:\/\/musekintza.eus\/eu\/producto\/haurrentzako-laborategia-itsas-h-ondokoak-copia-2\/#breadcrumb\",\"itemListElement\":[{\"@type\":\"ListItem\",\"position\":1,\"name\":\"Portada\",\"item\":\"https:\/\/musekintza.eus\/eu\/\"},{\"@type\":\"ListItem\",\"position\":2,\"name\":\"Productos\",\"item\":\"https:\/\/musekintza.eus\/tienda\/\"},{\"@type\":\"ListItem\",\"position\":3,\"name\":\"Ai gure juaneteak!\"}]},{\"@type\":\"WebSite\",\"@id\":\"https:\/\/musekintza.eus\/#website\",\"url\":\"https:\/\/musekintza.eus\/\",\"name\":\"MusEkintza\",\"description\":\"Artes esc\u00e9nicas en escenarios extraordinarios\",\"potentialAction\":[{\"@type\":\"SearchAction\",\"target\":{\"@type\":\"EntryPoint\",\"urlTemplate\":\"https:\/\/musekintza.eus\/?s={search_term_string}\"},\"query-input\":{\"@type\":\"PropertyValueSpecification\",\"valueRequired\":true,\"valueName\":\"search_term_string\"}}],\"inLanguage\":\"eu-ES\"}]}<\/script>\n<!-- \/ Yoast SEO plugin. -->","yoast_head_json":{"title":"Ai gure juaneteak! - MusEkintza","robots":{"index":"index","follow":"follow","max-snippet":"max-snippet:-1","max-image-preview":"max-image-preview:large","max-video-preview":"max-video-preview:-1"},"canonical":"https:\/\/musekintza.eus\/eu\/producto\/haurrentzako-laborategia-itsas-h-ondokoak-copia-2\/","og_locale":"eu_ES","og_type":"article","og_title":"Ai gure juaneteak! - MusEkintza","og_description":"Laboaren kantak gaur egungo gizabere baten begiradatik.  \u201cAi Gure Juaneteak!\u201d ikuskari eszeniko hibridoa da. Hitzak eta musikak osaturikoa. Taula gainean aktore-musikari bat eta bi musikari-aktore.  Patxo Telleriaren testu bat, Adri\u00e1n Garc\u00eda de los Ojos pianoan eta Maider L\u00f3pez biolara. Jokin Oregik zuzendutako lan honetan, Mikel Laboaren zenbait kantaren letren berrinterpretazio erabatekoa da, gaur egungo ikuspuntutik.   Data: Maiatzak 23 (2026)  Ordu: 19:00etan  Erreserba: 2026ko apirilaren 23tik  Hizkuntza: Ikuskizuna euskaraz","og_url":"https:\/\/musekintza.eus\/eu\/producto\/haurrentzako-laborategia-itsas-h-ondokoak-copia-2\/","og_site_name":"MusEkintza","article_modified_time":"2026-04-24T11:59:38+00:00","og_image":[{"width":1200,"height":1300,"url":"https:\/\/musekintza.eus\/wp-content\/uploads\/2025\/09\/10AI-GURE-JUANETEAK.jpg","type":"image\/jpeg"}],"twitter_card":"summary_large_image","twitter_misc":{"Est. reading time":"1 minute"},"schema":{"@context":"https:\/\/schema.org","@graph":[{"@type":"WebPage","@id":"https:\/\/musekintza.eus\/eu\/producto\/haurrentzako-laborategia-itsas-h-ondokoak-copia-2\/","url":"https:\/\/musekintza.eus\/eu\/producto\/haurrentzako-laborategia-itsas-h-ondokoak-copia-2\/","name":"Ai gure juaneteak! - MusEkintza","isPartOf":{"@id":"https:\/\/musekintza.eus\/#website"},"primaryImageOfPage":{"@id":"https:\/\/musekintza.eus\/eu\/producto\/haurrentzako-laborategia-itsas-h-ondokoak-copia-2\/#primaryimage"},"image":{"@id":"https:\/\/musekintza.eus\/eu\/producto\/haurrentzako-laborategia-itsas-h-ondokoak-copia-2\/#primaryimage"},"thumbnailUrl":"https:\/\/musekintza.eus\/wp-content\/uploads\/2025\/09\/10AI-GURE-JUANETEAK.jpg","datePublished":"2025-09-01T15:53:08+00:00","dateModified":"2026-04-24T11:59:38+00:00","breadcrumb":{"@id":"https:\/\/musekintza.eus\/eu\/producto\/haurrentzako-laborategia-itsas-h-ondokoak-copia-2\/#breadcrumb"},"inLanguage":"eu-ES","potentialAction":[{"@type":"ReadAction","target":["https:\/\/musekintza.eus\/eu\/producto\/haurrentzako-laborategia-itsas-h-ondokoak-copia-2\/"]}]},{"@type":"ImageObject","inLanguage":"eu-ES","@id":"https:\/\/musekintza.eus\/eu\/producto\/haurrentzako-laborategia-itsas-h-ondokoak-copia-2\/#primaryimage","url":"https:\/\/musekintza.eus\/wp-content\/uploads\/2025\/09\/10AI-GURE-JUANETEAK.jpg","contentUrl":"https:\/\/musekintza.eus\/wp-content\/uploads\/2025\/09\/10AI-GURE-JUANETEAK.jpg","width":1200,"height":1300},{"@type":"BreadcrumbList","@id":"https:\/\/musekintza.eus\/eu\/producto\/haurrentzako-laborategia-itsas-h-ondokoak-copia-2\/#breadcrumb","itemListElement":[{"@type":"ListItem","position":1,"name":"Portada","item":"https:\/\/musekintza.eus\/eu\/"},{"@type":"ListItem","position":2,"name":"Productos","item":"https:\/\/musekintza.eus\/tienda\/"},{"@type":"ListItem","position":3,"name":"Ai gure juaneteak!"}]},{"@type":"WebSite","@id":"https:\/\/musekintza.eus\/#website","url":"https:\/\/musekintza.eus\/","name":"MusEkintza","description":"Artes esc\u00e9nicas en escenarios extraordinarios","potentialAction":[{"@type":"SearchAction","target":{"@type":"EntryPoint","urlTemplate":"https:\/\/musekintza.eus\/?s={search_term_string}"},"query-input":{"@type":"PropertyValueSpecification","valueRequired":true,"valueName":"search_term_string"}}],"inLanguage":"eu-ES"}]}},"_links":{"self":[{"href":"https:\/\/musekintza.eus\/eu\/wp-json\/wp\/v2\/product\/2431","targetHints":{"allow":["GET"]}}],"collection":[{"href":"https:\/\/musekintza.eus\/eu\/wp-json\/wp\/v2\/product"}],"about":[{"href":"https:\/\/musekintza.eus\/eu\/wp-json\/wp\/v2\/types\/product"}],"wp:featuredmedia":[{"embeddable":true,"href":"https:\/\/musekintza.eus\/eu\/wp-json\/wp\/v2\/media\/2385"}],"wp:attachment":[{"href":"https:\/\/musekintza.eus\/eu\/wp-json\/wp\/v2\/media?parent=2431"}],"wp:term":[{"taxonomy":"product_brand","embeddable":true,"href":"https:\/\/musekintza.eus\/eu\/wp-json\/wp\/v2\/product_brand?post=2431"},{"taxonomy":"product_cat","embeddable":true,"href":"https:\/\/musekintza.eus\/eu\/wp-json\/wp\/v2\/product_cat?post=2431"},{"taxonomy":"product_tag","embeddable":true,"href":"https:\/\/musekintza.eus\/eu\/wp-json\/wp\/v2\/product_tag?post=2431"}],"curies":[{"name":"wp","href":"https:\/\/api.w.org\/{rel}","templated":true}]}}